{"id":611,"date":"2018-11-22T18:17:02","date_gmt":"2018-11-22T17:17:02","guid":{"rendered":"http:\/\/eurocoatgroup.com\/politica-de-privacidad\/"},"modified":"2019-02-04T14:14:42","modified_gmt":"2019-02-04T13:14:42","slug":"politica-de-privacidad","status":"publish","type":"page","link":"https:\/\/eurocoatgroup.com\/en\/politica-de-privacidad\/","title":{"rendered":"Pol\u00edtica de privacidad"},"content":{"rendered":"\n<style type=\"text\/css\" data-created_by=\"avia_inline_auto\" id=\"style-css-av-hdl0d-cd20241f0b7f20952b368826c07c1b01\">\n.avia-section.av-hdl0d-cd20241f0b7f20952b368826c07c1b01{\nbackground-color:#158200;\nbackground-image:unset;\n}\n<\/style>\n<div id='av_section_1'  class='avia-section av-hdl0d-cd20241f0b7f20952b368826c07c1b01 main_color avia-section-default avia-no-border-styling  avia-builder-el-0  el_before_av_textblock  avia-builder-el-first  avia-bg-style-scroll container_wrap fullsize'  ><div class='container av-section-cont-open' ><main  role=\"main\" itemprop=\"mainContentOfPage\"  class='template-page content  av-content-full alpha units'><div class='post-entry post-entry-type-page post-entry-611'><div class='entry-content-wrapper clearfix'>\n\n<style type=\"text\/css\" data-created_by=\"avia_inline_auto\" id=\"style-css-av-josv19rs-28adca8efb56c10a3a6731f5164baeb8\">\n#top .av-special-heading.av-josv19rs-28adca8efb56c10a3a6731f5164baeb8{\npadding-bottom:10px;\ncolor:#ffffff;\n}\nbody .av-special-heading.av-josv19rs-28adca8efb56c10a3a6731f5164baeb8 .av-special-heading-tag .heading-char{\nfont-size:25px;\n}\n.av-special-heading.av-josv19rs-28adca8efb56c10a3a6731f5164baeb8 .special-heading-inner-border{\nborder-color:#ffffff;\n}\n.av-special-heading.av-josv19rs-28adca8efb56c10a3a6731f5164baeb8 .av-subheading{\nfont-size:15px;\n}\n<\/style>\n<div  class='av-special-heading av-josv19rs-28adca8efb56c10a3a6731f5164baeb8 av-special-heading-h1 custom-color-heading blockquote modern-quote modern-centered  avia-builder-el-1  avia-builder-el-no-sibling '><h1 class='av-special-heading-tag '  itemprop=\"headline\"  >POL\u00cdTICA DE PRIVACIDAD<\/h1><div class=\"special-heading-border\"><div class=\"special-heading-inner-border\"><\/div><\/div><\/div>\n<\/div><\/div><\/main><!-- close content main element --><\/div><\/div><div id='after_section_1'  class='main_color av_default_container_wrap container_wrap fullsize'  ><div class='container av-section-cont-open' ><div class='template-page content  av-content-full alpha units'><div class='post-entry post-entry-type-page post-entry-611'><div class='entry-content-wrapper clearfix'>\n<section  class='av_textblock_section av-78jt1-2a142beb2161d0bd1e45b6a64a5c56e0 '   itemscope=\"itemscope\" itemtype=\"https:\/\/schema.org\/CreativeWork\" ><div class='avia_textblock'  itemprop=\"text\" ><p>DETALLES DE NUESTRA POL\u00cdTICA DE PRIVACIDAD<\/p>\n<p><strong>1- Informaci\u00f3n General<\/strong><\/p>\n<p>La presente &#8220;Pol\u00edtica de Privacidad y Protecci\u00f3n de Datos&#8221; tiene como Fnalidad dar a conocer las condiciones que rigen la recogida y tratamiento de sus datos personales por parte de nuestra entidad o grupo corporativo para velar por los derechos fundamentales, su honor y libertades, todo ello en cumplimiento de las normativas vigentes que regulan la Protecci\u00f3n de<\/p>\n<p>Datos personales seg\u00fan la Uni\u00f3n Europea y el Estado Miembro espa\u00f1ol.<br \/>\nEn conformidad con dichas normativas, necesitamos disponer de su autorizaci\u00f3n y consentimiento para la recogida y el tratamiento de sus datos personales, por lo que a continuaci\u00f3n, le indicamos todos los detalles de su inter\u00e9s respecto a c\u00f3mo realizamos estos procesos, con qu\u00e9 Fnalidades, que otras entidades podr\u00edan tener acceso a sus datos y cu\u00e1les son sus derechos.<\/p>\n<p>Por todo lo expuesto, una vez revisada y le\u00edda nuestra Pol\u00edtica de Protecci\u00f3n de Datos, es imprescindible\u00a0que la acepte en prueba de su conformidad y consentimiento.<\/p>\n<p><strong>2- Responsable del Tratamiento<\/strong><\/p>\n<p>\u00bfQui\u00e9n recaba y trata sus datos?<br \/>\nEl Responsable del Tratamiento de Datos es aquella persona f\u00edsica o jur\u00eddica, de naturaleza p\u00fablica o privada, u \u00f3rgano administrativo, que solo o conjuntamente con otros determine los Fnes y medios del tratamiento de datos personales; en caso de que los Fnes y medios del tratamiento est\u00e9n determinados por el Derecho de la Uni\u00f3n Europea o del Estado Miembro espa\u00f1ol.<\/p>\n<p>En este caso, nuestros datos identificativos como Responsable del Tratamiento son los siguientes:<\/p>\n<p>EUROCOAT 2000 SL &#8211; CIF B62040498<\/p>\n<p><strong>\u00bfC\u00f3mo puede contactar con nosotros?<\/strong><\/p>\n<p><strong>Domicilio de nuestras oficinas:<\/strong><br \/>\nc\/ Mas Pujol 47, naves 5-6, Pol Ind Sector V. 08520, Les Franqueses del Vall\u00e8s (Barcelona), Espa\u00f1a<br \/>\nEmail: info@eurocoatgroup.com &#8211; Tel\u00e9fono: 34938404947<\/p>\n<p><strong>Domicilio postal:<\/strong><br \/>\nc\/ Mas Pujol 47, naves 5-6, Pol Ind Sector V. 08520, Les Franqueses del Vall\u00e8s (Barcelona), Espa\u00f1a<\/p>\n<p><strong>3- Medidas de Seguridad<\/strong><\/p>\n<p>\u00bfQu\u00e9 hacemos para garantizar la privacidad de sus datos?<\/p>\n<p>Nuestra entidad o grupo corporativo adopta las medidas organizativas y t\u00e9cnicas necesarias para garantizar la seguridad y la privacidad de sus datos, evitar su alteraci\u00f3n, p\u00e9rdida, tratamiento o acceso no autorizado, dependiendo del estado de la tecnolog\u00eda, la naturaleza de los datos almacenado y los riesgos a que est\u00e1n expuestos.<\/p>\n<p>Entre otras, destacan las siguientes medidas:<\/p>\n<ul>\n<li>Garantizar la confidencialidad, integridad, disponibilidad y resiliencia permanentes de los sistemas y servicios de tratamiento.<\/li>\n<li>Restaurar la disponibilidad y el acceso a los datos personales de forma r\u00e1pida, en caso de incidente f\u00edsico o t\u00e9cnico.<\/li>\n<li>Verificar, evaluar y valorar, de forma regular, la eficacia de las medidas t\u00e9cnicas y organizativas implementadas para garantizar la seguridad del tratamiento.<\/li>\n<li>Seudonimizar y cifrar los datos personales, en caso de que se trate de datos sensibles.<\/li>\n<\/ul>\n<p><strong>4- Finalidad y Tratamiento<\/strong><\/p>\n<p><strong>\u00bfPara qu\u00e9 queremos tratar sus datos?<\/strong><\/p>\n<p>Necesitamos su autorizaci\u00f3n y consentimiento para recabar y tratar sus datos personales, por lo que a continuaci\u00f3n le detallamos los usos y finalidades previstas.<\/p>\n<p><strong>Facturaci\u00f3n \/ Presupuestos \/ Albaranes<\/strong>: Generaci\u00f3n de facturas, presupuestos y albaranes<\/p>\n<p>Env\u00edo de emails: Env\u00edo de comunicaciones comerciales<\/p>\n<p><strong>\u00bfDurante cu\u00e1nto tiempo conservamos sus datos?<\/strong><\/p>\n<p>Utilizamos sus datos durante el tiempo estrictamente necesario para cumplir las Fnalidades indicadas anteriormente. Salvo que exista una obligaci\u00f3n o requerimiento legal, los plazos de conservaci\u00f3n previstos son:<\/p>\n<p><strong>Facturaci\u00f3n \/ Presupuestos \/ Albaranes<\/strong>: Mientras se mantenga la relaci\u00f3n mercantil<\/p>\n<p><strong>Env\u00edo de emails<\/strong> : Mientras no se solicite su supresi\u00f3n por el interesado<\/p>\n<p><strong>5- legitimaci\u00f3n del Tratamiento<\/strong><\/p>\n<p><strong>\u00bfPor qu\u00e9 tratamos sus datos?<\/strong><br \/>\nLa recogida y el tratamiento de sus datos est\u00e1 legitimado siempre por una o varias bases jur\u00eddicas, las cuales detallamos a continuaci\u00f3n:<\/p>\n<p><strong>Facturaci\u00f3n \/ Presupuestos \/ Albaranes<\/strong>: Consentimiento expl\u00edcito del interesado ; Existencia de una relaci\u00f3n contractual con el interesado mediante contrato o precontrato<\/p>\n<p>Env\u00edo de emails: Consentimiento expl\u00edcito del interesado<\/p>\n<p><strong>6- Destinatarios de sus Datos<\/strong><\/p>\n<p><strong>\u00bfA qui\u00e9nes cedemos sus datos dentro de la Uni\u00f3n Europea?<\/strong><\/p>\n<p>En ocasiones, para poder cumplir con nuestras obligaciones legales y nuestro compromiso contractual con usted, nos vemos ante la obligaci\u00f3n y necesidad de ceder algunos de sus datos a ciertas categor\u00edas de destinatarios, las cuales especificamos a continuaci\u00f3n:<\/p>\n<p><strong>Facturaci\u00f3n \/ Presupuestos \/ Albaranes<\/strong>: Bancos, cajas de ahorros y cajas rurales<\/p>\n<p>Adem\u00e1s de las categor\u00edas de destinatarios a los que se ceden datos, tambi\u00e9n pudi\u00e9ramos cederlos a las siguientes organizaciones (\u00fanicamente aparecer\u00e1n si se cediesen datos a otras organizaciones):<\/p>\n<p><strong>\u00bfRealizamos Transferencias Internacionales de sus datos fuera de la Uni\u00f3n Europea?<\/strong><\/p>\n<p>No realizamos transferencias internacionales de sus datos<\/p>\n<p><strong>7- Procedencia y Tipos de Datos Tratados<\/strong><\/p>\n<p><strong>\u00bfDe d\u00f3nde hemos obtenido sus datos?<\/strong><\/p>\n<p><strong>Facturaci\u00f3n \/ Presupuestos \/ Albaranes<\/strong><\/p>\n<ul>\n<li><strong>CLIENTES<\/strong>: El propio interesado o su representante legal ; Administraciones p\u00fablicas ; Entidad privada<\/li>\n<\/ul>\n<p><strong>Env\u00edo de emails<\/strong><\/p>\n<ul>\n<li><strong>AGENDA-MAIL<\/strong>: El propio interesado o su representante legal ; Entidad privada<\/li>\n<\/ul>\n<p><strong>\u00bfQu\u00e9 tipos de datos suyos hemos recabado y tratamos?<\/strong><\/p>\n<p><strong>Facturaci\u00f3n \/ Presupuestos \/ Albaranes<\/strong><\/p>\n<p><strong>Finalidades:<\/strong><\/p>\n<ul>\n<li>Generaci\u00f3n de facturas, presupuestos y albaranes<\/li>\n<\/ul>\n<p>CLIENTES<\/p>\n<ul>\n<li>Datos identificativos\n<ul>\n<li>Direcci\u00f3n electr\u00f3nica<\/li>\n<li>Direcci\u00f3n postal<\/li>\n<li>NIF \/ NIE \/ Pasaporte<\/li>\n<li>Nombre y Apellidos<\/li>\n<li>Tel\u00e9fono<\/li>\n<\/ul>\n<\/li>\n<li>Econ\u00f3micos, financieros y de seguros\n<ul>\n<li>Datos bancarios<\/li>\n<\/ul>\n<\/li>\n<li>Transacciones de bienes y servicios\n<ul>\n<li>Transacciones financieras<\/li>\n<\/ul>\n<\/li>\n<\/ul>\n<p><strong>Env\u00edo de emails<\/strong><\/p>\n<ul>\n<li><strong>Finalidades:<\/strong>\n<ul>\n<li>Env\u00edo de comunicaciones comerciales<\/li>\n<\/ul>\n<\/li>\n<li><strong>AGENDA-MAIL<\/strong>\n<ul>\n<li>Datos identificativos<\/li>\n<li>Direcci\u00f3n electr\u00f3nica<\/li>\n<li>Direcci\u00f3n postal<\/li>\n<li>Firma electr\u00f3nica<\/li>\n<li>NIF \/ NIE \/ Pasaporte<\/li>\n<li>Nombre y Apellidos<\/li>\n<li>Tel\u00e9fono<\/li>\n<\/ul>\n<\/li>\n<\/ul>\n<p><strong>8- Derechos de los Interesados<\/strong><\/p>\n<p><strong>\u00bfCu\u00e1les son los derechos que le amparan?<\/strong><\/p>\n<p>La normativa vigente de protecci\u00f3n de datos le ampara en una serie de derechos en relaci\u00f3n al uso que le damos a sus datos. Todos y cada uno de sus derechos son unipersonales e intransferibles, es decir, que \u00fanicamente pueden ser realizados por el titular de los datos, previa comprobaci\u00f3n de su identidad.<\/p>\n<p>A continuaci\u00f3n le indicamos cuales son los derechos que le asisten:<\/p>\n<ul>\n<li>Solicitar el ACCESO a sus datos personales<\/li>\n<li>Solicitar la RECTIFICACION de sus datos<\/li>\n<li>Solicitar la SUPRESI\u00d3N o eliminaci\u00f3n de sus datos (derecho al &#8220;olvido&#8221;)<\/li>\n<li>LIMITAR u OPONERSE al uso que le damos a sus datos<\/li>\n<li>Derecho a la PORTABILIDAD de sus datos para casos de servicios de telecomunicaciones o internet.<\/li>\n<li>Derecho a RETIRAR su consentimiento en cualquier momento<\/li>\n<li>Derecho a presentar una RECLAMACI\u00d3N en materia de protecci\u00f3n de datos ante la Autoridad de Control: Agencia Espa\u00f1ola de Protecci\u00f3n de Datos<\/li>\n<\/ul>\n<p><strong>\u00bfC\u00f3mo puede ejercer sus derechos en relaci\u00f3n a sus datos?<\/strong><\/p>\n<p>Para el ejercicio de sus derechos de acceso, rectiFcaci\u00f3n, supresi\u00f3n, limitaci\u00f3n u oposici\u00f3n, portabilidad y retirada de su consentimiento, puede hacerlo de la siguiente forma:<\/p>\n<p><strong>Facturaci\u00f3n \/ Presupuestos \/ Albaranes<\/strong><\/p>\n<ul>\n<li>Responsable: EUROCOAT 2000 SL<\/li>\n<li>Direcci\u00f3n: c\/ Mas Pujol 47, naves 5-6, Pol Ind Sector V. 08520, Les Franqueses del Vall\u00e8s (Barcelona), Espa\u00f1a<\/li>\n<li>Tel\u00e9fono: 34938404947<\/li>\n<li>E-mail: info@eurocoatgroup.com<\/li>\n<li>P\u00e1gina web: http:\/\/www.eurocoatgroup.com<\/li>\n<\/ul>\n<p><strong>Env\u00edo de emails<\/strong><\/p>\n<ul>\n<li>Responsable: EUROCOAT 2000 SL<\/li>\n<li>Direcci\u00f3n: c\/ Mas Pujol 47, naves 5-6, Pol Ind Sector V. 08520, Les Franqueses del Vall\u00e8s (Barcelona), Espa\u00f1a<\/li>\n<li>Tel\u00e9fono: 34938404947<\/li>\n<li>E-mail: info@eurocoatgroup.com<\/li>\n<li>P\u00e1gina web: http:\/\/www.eurocoatgroup.com<\/li>\n<\/ul>\n<p><strong>\u00bfC\u00f3mo puede presentar una reclamaci\u00f3n?<\/strong><\/p>\n<p>Adem\u00e1s de los derechos que le asisten, si cree que sus datos no se est\u00e1n recabando o tratando conforme a la normativa vigente de Protecci\u00f3n de Datos, usted podr\u00e1 realizar una reclamaci\u00f3n ante la Autoridad de Control, cuyos datos de contacto indicamos a continuaci\u00f3n:<\/p>\n<p>Agencia Espa\u00f1ola de Protecci\u00f3n de Datos<br \/>\nC\/. Jorge Juan, 6. 28001, Madrid (Madrid), Espa\u00f1a<br \/>\nEmail: info@agpd.es &#8211; Tel\u00e9fono: 912663517<br \/>\nWeb: https:\/\/www.agpd.es<\/p>\n<p><strong>9- Consentimiento y Aceptaci\u00f3n<\/strong><\/p>\n<p>La aceptaci\u00f3n del presente documento indica que usted entiende, acepta todas las cl\u00e1usulas de nuestra pol\u00edtica de privacidad por lo que autoriza la recogida y el tratamiento de sus datos personales en estos t\u00e9rminos. Esta aceptaci\u00f3n se realiza mediante la activaci\u00f3n de la casilla de veriFcaci\u00f3n de &#8220;Lectura y Aceptaci\u00f3n&#8221; de nuestra Pol\u00edtica de Privacidad.<\/p>\n<p><img loading=\"lazy\" decoding=\"async\" class=\"alignnone size-full wp-image-266\" src=\"http:\/\/testing.eurocoat2000.com\/wp-content\/uploads\/2018\/11\/Captura-de-pantalla-2018-11-22-a-las-18.12.30.png\" alt=\"Pol\u00edtica de Privacidad\" width=\"709\" height=\"567\" srcset=\"https:\/\/eurocoatgroup.com\/wp-content\/uploads\/2018\/11\/Captura-de-pantalla-2018-11-22-a-las-18.12.30.png 709w, https:\/\/eurocoatgroup.com\/wp-content\/uploads\/2018\/11\/Captura-de-pantalla-2018-11-22-a-las-18.12.30-300x240.png 300w, https:\/\/eurocoatgroup.com\/wp-content\/uploads\/2018\/11\/Captura-de-pantalla-2018-11-22-a-las-18.12.30-705x564.png 705w, https:\/\/eurocoatgroup.com\/wp-content\/uploads\/2018\/11\/Captura-de-pantalla-2018-11-22-a-las-18.12.30-450x360.png 450w\" sizes=\"auto, (max-width: 709px) 100vw, 709px\" \/><\/p>\n<\/div><\/section>\n","protected":false},"excerpt":{"rendered":"","protected":false},"author":4,"featured_media":0,"parent":0,"menu_order":0,"comment_status":"closed","ping_status":"closed","template":"","meta":{"footnotes":""},"class_list":["post-611","page","type-page","status-publish","hentry"],"yoast_head":"<!-- This site is optimized with the Yoast SEO plugin v26.8 - https:\/\/yoast.com\/product\/yoast-seo-wordpress\/ -->\n<title>Todo sobre nuestra Pol\u00edtica de Privacidad | Eurocoat Group<\/title>\n<meta name=\"description\" content=\"En esta secci\u00f3n podr\u00e1s leer todo lo relativo a nuestra pol\u00edtica de privacidad y al tratamiento de los datos.\" \/>\n<meta name=\"robots\" content=\"noindex, follow\" \/>\n<meta property=\"og:locale\" content=\"en_US\" \/>\n<meta property=\"og:type\" content=\"article\" \/>\n<meta property=\"og:title\" content=\"Todo sobre nuestra Pol\u00edtica de Privacidad | Eurocoat Group\" \/>\n<meta property=\"og:description\" content=\"En esta secci\u00f3n podr\u00e1s leer todo lo relativo a nuestra pol\u00edtica de privacidad y al tratamiento de los datos.\" \/>\n<meta property=\"og:url\" content=\"https:\/\/eurocoatgroup.com\/en\/politica-de-privacidad\/\" \/>\n<meta property=\"og:site_name\" content=\"EurocoatGroup\" \/>\n<meta property=\"article:modified_time\" content=\"2019-02-04T13:14:42+00:00\" \/>\n<meta property=\"og:image\" content=\"https:\/\/eurocoatgroup.com\/wp-content\/uploads\/2018\/11\/Captura-de-pantalla-2018-11-22-a-las-18.12.30.png\" \/>\n\t<meta property=\"og:image:width\" content=\"709\" \/>\n\t<meta property=\"og:image:height\" content=\"567\" \/>\n\t<meta property=\"og:image:type\" content=\"image\/png\" \/>\n<meta name=\"twitter:card\" content=\"summary_large_image\" \/>\n<meta name=\"twitter:label1\" content=\"Est. reading time\" \/>\n\t<meta name=\"twitter:data1\" content=\"8 minutes\" \/>\n<script type=\"application\/ld+json\" class=\"yoast-schema-graph\">{\"@context\":\"https:\/\/schema.org\",\"@graph\":[{\"@type\":\"WebPage\",\"@id\":\"https:\/\/eurocoatgroup.com\/en\/politica-de-privacidad\/\",\"url\":\"https:\/\/eurocoatgroup.com\/en\/politica-de-privacidad\/\",\"name\":\"Todo sobre nuestra Pol\u00edtica de Privacidad | Eurocoat Group\",\"isPartOf\":{\"@id\":\"https:\/\/eurocoatgroup.com\/#website\"},\"primaryImageOfPage\":{\"@id\":\"https:\/\/eurocoatgroup.com\/en\/politica-de-privacidad\/#primaryimage\"},\"image\":{\"@id\":\"https:\/\/eurocoatgroup.com\/en\/politica-de-privacidad\/#primaryimage\"},\"thumbnailUrl\":\"http:\/\/testing.eurocoat2000.com\/wp-content\/uploads\/2018\/11\/Captura-de-pantalla-2018-11-22-a-las-18.12.30.png\",\"datePublished\":\"2018-11-22T17:17:02+00:00\",\"dateModified\":\"2019-02-04T13:14:42+00:00\",\"description\":\"En esta secci\u00f3n podr\u00e1s leer todo lo relativo a nuestra pol\u00edtica de privacidad y al tratamiento de los datos.\",\"breadcrumb\":{\"@id\":\"https:\/\/eurocoatgroup.com\/en\/politica-de-privacidad\/#breadcrumb\"},\"inLanguage\":\"en-US\",\"potentialAction\":[{\"@type\":\"ReadAction\",\"target\":[\"https:\/\/eurocoatgroup.com\/en\/politica-de-privacidad\/\"]}]},{\"@type\":\"ImageObject\",\"inLanguage\":\"en-US\",\"@id\":\"https:\/\/eurocoatgroup.com\/en\/politica-de-privacidad\/#primaryimage\",\"url\":\"http:\/\/testing.eurocoat2000.com\/wp-content\/uploads\/2018\/11\/Captura-de-pantalla-2018-11-22-a-las-18.12.30.png\",\"contentUrl\":\"http:\/\/testing.eurocoat2000.com\/wp-content\/uploads\/2018\/11\/Captura-de-pantalla-2018-11-22-a-las-18.12.30.png\"},{\"@type\":\"BreadcrumbList\",\"@id\":\"https:\/\/eurocoatgroup.com\/en\/politica-de-privacidad\/#breadcrumb\",\"itemListElement\":[{\"@type\":\"ListItem\",\"position\":1,\"name\":\"Portada\",\"item\":\"https:\/\/eurocoatgroup.com\/en\/\"},{\"@type\":\"ListItem\",\"position\":2,\"name\":\"Pol\u00edtica de privacidad\"}]},{\"@type\":\"WebSite\",\"@id\":\"https:\/\/eurocoatgroup.com\/#website\",\"url\":\"https:\/\/eurocoatgroup.com\/\",\"name\":\"EurocoatGroup\",\"description\":\"Eurocoat Group\",\"potentialAction\":[{\"@type\":\"SearchAction\",\"target\":{\"@type\":\"EntryPoint\",\"urlTemplate\":\"https:\/\/eurocoatgroup.com\/?s={search_term_string}\"},\"query-input\":{\"@type\":\"PropertyValueSpecification\",\"valueRequired\":true,\"valueName\":\"search_term_string\"}}],\"inLanguage\":\"en-US\"}]}<\/script>\n<!-- \/ Yoast SEO plugin. -->","yoast_head_json":{"title":"Todo sobre nuestra Pol\u00edtica de Privacidad | Eurocoat Group","description":"En esta secci\u00f3n podr\u00e1s leer todo lo relativo a nuestra pol\u00edtica de privacidad y al tratamiento de los datos.","robots":{"index":"noindex","follow":"follow"},"og_locale":"en_US","og_type":"article","og_title":"Todo sobre nuestra Pol\u00edtica de Privacidad | Eurocoat Group","og_description":"En esta secci\u00f3n podr\u00e1s leer todo lo relativo a nuestra pol\u00edtica de privacidad y al tratamiento de los datos.","og_url":"https:\/\/eurocoatgroup.com\/en\/politica-de-privacidad\/","og_site_name":"EurocoatGroup","article_modified_time":"2019-02-04T13:14:42+00:00","og_image":[{"width":709,"height":567,"url":"https:\/\/eurocoatgroup.com\/wp-content\/uploads\/2018\/11\/Captura-de-pantalla-2018-11-22-a-las-18.12.30.png","type":"image\/png"}],"twitter_card":"summary_large_image","twitter_misc":{"Est. reading time":"8 minutes"},"schema":{"@context":"https:\/\/schema.org","@graph":[{"@type":"WebPage","@id":"https:\/\/eurocoatgroup.com\/en\/politica-de-privacidad\/","url":"https:\/\/eurocoatgroup.com\/en\/politica-de-privacidad\/","name":"Todo sobre nuestra Pol\u00edtica de Privacidad | Eurocoat Group","isPartOf":{"@id":"https:\/\/eurocoatgroup.com\/#website"},"primaryImageOfPage":{"@id":"https:\/\/eurocoatgroup.com\/en\/politica-de-privacidad\/#primaryimage"},"image":{"@id":"https:\/\/eurocoatgroup.com\/en\/politica-de-privacidad\/#primaryimage"},"thumbnailUrl":"http:\/\/testing.eurocoat2000.com\/wp-content\/uploads\/2018\/11\/Captura-de-pantalla-2018-11-22-a-las-18.12.30.png","datePublished":"2018-11-22T17:17:02+00:00","dateModified":"2019-02-04T13:14:42+00:00","description":"En esta secci\u00f3n podr\u00e1s leer todo lo relativo a nuestra pol\u00edtica de privacidad y al tratamiento de los datos.","breadcrumb":{"@id":"https:\/\/eurocoatgroup.com\/en\/politica-de-privacidad\/#breadcrumb"},"inLanguage":"en-US","potentialAction":[{"@type":"ReadAction","target":["https:\/\/eurocoatgroup.com\/en\/politica-de-privacidad\/"]}]},{"@type":"ImageObject","inLanguage":"en-US","@id":"https:\/\/eurocoatgroup.com\/en\/politica-de-privacidad\/#primaryimage","url":"http:\/\/testing.eurocoat2000.com\/wp-content\/uploads\/2018\/11\/Captura-de-pantalla-2018-11-22-a-las-18.12.30.png","contentUrl":"http:\/\/testing.eurocoat2000.com\/wp-content\/uploads\/2018\/11\/Captura-de-pantalla-2018-11-22-a-las-18.12.30.png"},{"@type":"BreadcrumbList","@id":"https:\/\/eurocoatgroup.com\/en\/politica-de-privacidad\/#breadcrumb","itemListElement":[{"@type":"ListItem","position":1,"name":"Portada","item":"https:\/\/eurocoatgroup.com\/en\/"},{"@type":"ListItem","position":2,"name":"Pol\u00edtica de privacidad"}]},{"@type":"WebSite","@id":"https:\/\/eurocoatgroup.com\/#website","url":"https:\/\/eurocoatgroup.com\/","name":"EurocoatGroup","description":"Eurocoat Group","potentialAction":[{"@type":"SearchAction","target":{"@type":"EntryPoint","urlTemplate":"https:\/\/eurocoatgroup.com\/?s={search_term_string}"},"query-input":{"@type":"PropertyValueSpecification","valueRequired":true,"valueName":"search_term_string"}}],"inLanguage":"en-US"}]}},"_links":{"self":[{"href":"https:\/\/eurocoatgroup.com\/en\/wp-json\/wp\/v2\/pages\/611","targetHints":{"allow":["GET"]}}],"collection":[{"href":"https:\/\/eurocoatgroup.com\/en\/wp-json\/wp\/v2\/pages"}],"about":[{"href":"https:\/\/eurocoatgroup.com\/en\/wp-json\/wp\/v2\/types\/page"}],"author":[{"embeddable":true,"href":"https:\/\/eurocoatgroup.com\/en\/wp-json\/wp\/v2\/users\/4"}],"replies":[{"embeddable":true,"href":"https:\/\/eurocoatgroup.com\/en\/wp-json\/wp\/v2\/comments?post=611"}],"version-history":[{"count":1,"href":"https:\/\/eurocoatgroup.com\/en\/wp-json\/wp\/v2\/pages\/611\/revisions"}],"predecessor-version":[{"id":613,"href":"https:\/\/eurocoatgroup.com\/en\/wp-json\/wp\/v2\/pages\/611\/revisions\/613"}],"wp:attachment":[{"href":"https:\/\/eurocoatgroup.com\/en\/wp-json\/wp\/v2\/media?parent=611"}],"curies":[{"name":"wp","href":"https:\/\/api.w.org\/{rel}","templated":true}]}}