{"id":619,"date":"2019-02-04T13:04:22","date_gmt":"2019-02-04T12:04:22","guid":{"rendered":"http:\/\/eurocoatgroup.com\/?page_id=619"},"modified":"2019-02-04T13:04:23","modified_gmt":"2019-02-04T12:04:23","slug":"aviso-legal","status":"publish","type":"page","link":"https:\/\/eurocoatgroup.com\/en\/aviso-legal\/","title":{"rendered":"Aviso Legal"},"content":{"rendered":"\n<style type=\"text\/css\" data-created_by=\"avia_inline_auto\" id=\"style-css-av-hfjzy-ef2fd6a3d3ea7e7372cbf5d503c08593\">\n.avia-section.av-hfjzy-ef2fd6a3d3ea7e7372cbf5d503c08593{\nbackground-color:#158200;\nbackground-image:unset;\n}\n<\/style>\n<div id='av_section_1'  class='avia-section av-hfjzy-ef2fd6a3d3ea7e7372cbf5d503c08593 main_color avia-section-default avia-no-border-styling  avia-builder-el-0  el_before_av_textblock  avia-builder-el-first  avia-bg-style-scroll container_wrap fullsize'  ><div class='container av-section-cont-open' ><main  role=\"main\" itemprop=\"mainContentOfPage\"  class='template-page content  av-content-full alpha units'><div class='post-entry post-entry-type-page post-entry-619'><div class='entry-content-wrapper clearfix'>\n\n<style type=\"text\/css\" data-created_by=\"avia_inline_auto\" id=\"style-css-av-joolirv6-dcfee99da706630c54347a134f94d833\">\n#top .av-special-heading.av-joolirv6-dcfee99da706630c54347a134f94d833{\npadding-bottom:10px;\ncolor:#ffffff;\n}\nbody .av-special-heading.av-joolirv6-dcfee99da706630c54347a134f94d833 .av-special-heading-tag .heading-char{\nfont-size:25px;\n}\n.av-special-heading.av-joolirv6-dcfee99da706630c54347a134f94d833 .special-heading-inner-border{\nborder-color:#ffffff;\n}\n.av-special-heading.av-joolirv6-dcfee99da706630c54347a134f94d833 .av-subheading{\nfont-size:15px;\n}\n<\/style>\n<div  class='av-special-heading av-joolirv6-dcfee99da706630c54347a134f94d833 av-special-heading-h1 custom-color-heading blockquote modern-quote  avia-builder-el-1  avia-builder-el-no-sibling '><h1 class='av-special-heading-tag '  itemprop=\"headline\"  >Aviso Legal<\/h1><div class=\"special-heading-border\"><div class=\"special-heading-inner-border\"><\/div><\/div><\/div>\n<\/div><\/div><\/main><!-- close content main element --><\/div><\/div><div id='after_section_1'  class='main_color av_default_container_wrap container_wrap fullsize'  ><div class='container av-section-cont-open' ><div class='template-page content  av-content-full alpha units'><div class='post-entry post-entry-type-page post-entry-619'><div class='entry-content-wrapper clearfix'><section  class='av_textblock_section av-7alvq-f56dafe6b3dc6c05738294892807e0cd '   itemscope=\"itemscope\" itemtype=\"https:\/\/schema.org\/CreativeWork\" ><div class='avia_textblock'  itemprop=\"text\" ><p>En cumplimiento con lo establecido en la Ley 34\/2002 de 11 de Julio, de Servicios de la Sociedad de la Informaci\u00f3n y el Comercio Electr\u00f3nico (LSSICE), se informa de los siguientes aspectos legales:<\/p>\n<p><strong>Propiedad del Sitio Web:<\/strong><\/p>\n<p><img loading=\"lazy\" decoding=\"async\" class=\"alignnone size-full wp-image-231\" src=\"http:\/\/testing.eurocoat2000.com\/wp-content\/uploads\/2018\/11\/AvisoLegal-EurocoatGroup.png\" alt=\"Aviso Legal EG\" width=\"706\" height=\"217\" srcset=\"https:\/\/eurocoatgroup.com\/wp-content\/uploads\/2018\/11\/AvisoLegal-EurocoatGroup.png 706w, https:\/\/eurocoatgroup.com\/wp-content\/uploads\/2018\/11\/AvisoLegal-EurocoatGroup-300x92.png 300w, https:\/\/eurocoatgroup.com\/wp-content\/uploads\/2018\/11\/AvisoLegal-EurocoatGroup-705x217.png 705w, https:\/\/eurocoatgroup.com\/wp-content\/uploads\/2018\/11\/AvisoLegal-EurocoatGroup-450x138.png 450w\" sizes=\"auto, (max-width: 706px) 100vw, 706px\" \/><\/p>\n<p><strong>Condiciones Generales de Uso<\/strong><\/p>\n<p>El portal web http:\/\/www.eurocoatgroup.com tiene como objeto facilitar al p\u00fablico, en general, el conocimiento de las actividades que esta organizaci\u00f3n realiza y de los productos y servicios que presta, para el desarrollo de su actividad.<\/p>\n<p>El uso de cualquiera de las funcionalidades del sitio Web implica la expresa y plena aceptaci\u00f3n de las condiciones aqu\u00ed expuestas, sin perjuicio de aquellas particulares que pudieran aplicarse a algunos de los servicios concretos ofrecidos a trav\u00e9s del sitio Web.<\/p>\n<p>El titular del sitio Web se reserva la facultad de efectuar, en cualquier momento y sin necesidad de previo aviso, modificaciones y actualizaciones de la informaci\u00f3n contenida en su Web o en la configuraci\u00f3n y presentaci\u00f3n de \u00e9sta.<\/p>\n<p>Con el objeto de mantener actualizada la informaci\u00f3n publicada el portal Web, los contenidos del mismo podr\u00e1n ser modificados, corregidos, eliminados o a\u00f1adidos en cualquier momento, por lo que ser\u00e1 conveniente comprobar la vigencia o exactitud de los mismos acudiendo a las fuentes oficiales.<\/p>\n<p><strong>Propiedad Intelectual, Industrial y Frames<\/strong><\/p>\n<p>Todos los elementos que forman el sitio Web, as\u00ed como su estructura, dise\u00f1o, c\u00f3digo fuente, as\u00ed como los logos, marcas y dem\u00e1s signos distintivos que aparecen en la misma, son titularidad de EUROCOAT 2000 SL, EUROCOAT GROUP o de sus colaboradores y est\u00e1n protegidos por los correspondientes derechos de<br \/>\npropiedad intelectual e industrial.<\/p>\n<p>Igualmente est\u00e1n protegidos por los correspondientes derechos de propiedad intelectual e industrial las im\u00e1genes y otros elementos gr\u00e1ficos contenidos en el sitio Web.<\/p>\n<p>El titular del sitio Web proh\u00edbe expresamente la realizaci\u00f3n de &#8220;framing&#8221; o la utilizaci\u00f3n por parte de terceros de cualesquiera otros mecanismos que alteren el dise\u00f1o, configuraci\u00f3n original o contenidos de nuestro sitio Web.<\/p>\n<p>El uso de los contenidos deber\u00e1 respetar su licenciamiento particular. De tal modo su uso, reproducci\u00f3n, distribuci\u00f3n, comunicaci\u00f3n p\u00fablica, transformaci\u00f3n o cualquier otra actividad similar o an\u00e1loga, queda totalmente prohibida salvo que medie previa y expresa autorizaci\u00f3n del titular del sitio Web EUROCOAT GROUP.<\/p>\n<p>\u00danicamente se autoriza la reproducci\u00f3n total o parcial de los textos y contenidos proporcionados por el sitio Web, siempre que concurran todas y cada una de las siguientes condiciones:<\/p>\n<ol>\n<li>Se mantenga la integridad de los contenidos, documentos o gr\u00e1ficos<\/li>\n<li>Se cite expresamente al titular del sitio Web como fuente y origen de aquellos.<\/li>\n<li>El prop\u00f3sito y la finalidad de tal uso sea compatible con los fines de la Web y\/o actividad del titular del sitio Web.<\/li>\n<li>No se pretenda un uso comercial, quedando expresamente prohibidas su distribuci\u00f3n, comunicaci\u00f3n p\u00fablica, transformaci\u00f3n o descompilaci\u00f3n<\/li>\n<\/ol>\n<p>Cualquier otro uso habr\u00e1 de ser comunicado y autorizado por el titular del sitio Web, previa y expresamente.<\/p>\n<p>Respecto a las citas de productos y servicios de terceros, el titular del sitio Web reconoce a favor de sus titulares los correspondientes derechos de propiedad industrial e intelectual, no implicando su sola menci\u00f3n o aparici\u00f3n en la Web la existencia de derechos ni de responsabilidad alguna sobre los mismos, como tampoco respaldo, patrocinio o recomendaci\u00f3n.<\/p>\n<p>El titular del sitio Web declara su respeto a los derechos de propiedad intelectual e industrial de terceros; por ello, si considera que nuestro sitio Web pudieran estar violando sus derechos, rogamos se ponga en contacto con el titular del sitio Web.<\/p>\n<p><strong>Responsabilidad<\/strong><\/p>\n<p>El titular del sitio Web no garantiza la inexistencia de errores en el acceso a la Web, en su contenido, ni que \u00e9ste se encuentre actualizado, aunque el titular del sitio Web desarrollar\u00e1 sus mejores esfuerzos para, en su caso, evitarlos, subsanarlos o actualizarlos.<\/p>\n<p>Tanto el acceso al sitio Web, como el uso que pueda hacerse de la informaci\u00f3n contenida en los mismos es de la exclusiva responsabilidad de quien lo realiza.<\/p>\n<p>El titular del sitio Web no se hace responsable de la informaci\u00f3n y contenidos almacenados, a t\u00edtulo enunciativo pero no limitativo, en foros, chats, blogs, comentarios, redes sociales o cualesquiera otro medio que permita a terceros publicar contenidos de la forma independiente en la p\u00e1gina Web http:\/\/www.eurocoatgroup.com.<\/p>\n<p>No obstante y en cumplimiento de lo dispuesto en la LSSI, el titular del sitio Web se pone a disposici\u00f3n de todos los usuarios, autoridades y fuerzas de seguridad, y colaborando de forma activa en la retirada o en su caso bloqueo de todos aquellos contenidos que pudieran afectar o contravenir la legislaci\u00f3n nacional, o internacional, derechos de terceros o la moral y el orden p\u00fablico. En caso de que el usuario considere que existe en el sitio web alg\u00fan contenido que pudiera ser susceptible de esta clasificaci\u00f3n, rogamos se ponga en contacto con el titular del sitio Web.<\/p>\n<p>El titular del sitio Web no se responsabiliza de las contestaciones que se realicen a trav\u00e9s de las distintas direcciones de correo electr\u00f3nico que aparecen en su sitio Web, por lo que en ning\u00fan caso podr\u00e1 derivarse efecto jur\u00eddico vinculante de las mismas.<\/p>\n<p><strong>Links o Hiperenlaces<\/strong><\/p>\n<p>Los enlaces contenidos en nuestro sitio Web pueden dirigir a contenidos Web de tercero. El objetivo de dichos enlaces es \u00fanicamente facilitarle la b\u00fasqueda de los recursos que le puedan interesar a trav\u00e9s de Internet. No obstante, dichas p\u00e1ginas no pertenecen al titular del sitio Web, ni hace una revisi\u00f3n de sus contenidos y, por ello, el titular del sitio Web no asume ninguna responsabilidad por el contenido, informaciones o servicios que pudieran aparecer en dichos sitios, que tendr\u00e1n exclusivamente car\u00e1cter informativo y que en ning\u00fan caso implican relaci\u00f3n alguna entre el titular del sitio Web y las personas o entidades titulares de tales contenidos o titulares de otros sitios donde se encuentren. El titular del sitio Web tampoco puede hacerse responsable del funcionamiento de la p\u00e1gina enlazada o de los posibles da\u00f1os que puedan derivarse del acceso o uso de la misma.<\/p>\n<p>Los enlaces al sitio Web http:\/\/www.eurocoatgroup.com deber\u00e1n respetar las siguientes condiciones:<\/p>\n<ol>\n<li>1. El establecimiento del enlace no supondr\u00e1 ning\u00fan tipo de acuerdo, contrato, patrocinio ni recomendaci\u00f3n por parte de EUROCOAT 2000 SL de la p\u00e1gina que realiza el enlace.<\/li>\n<li>La p\u00e1gina Web en la que se establezca el hiperenlace no contendr\u00e1 informaciones con contenidos que sean il\u00edcitos, discriminatorios, contrarios a los principios \u00e9ticos com\u00fanmente aceptados o atenten contra el orden p\u00fablico, as\u00ed como tampoco contendr\u00e1 contenidos contrarios a cualesquiera derechos de terceros..<\/li>\n<li>El titular del sitio Web podr\u00e1 solicitar que s e retire u n enlace a su Web, sin necesidad de alegar causa alguna. En tal caso, la p\u00e1gina que haya realizado el enlace deber\u00e1 proceder a su inmediata supresi\u00f3n, tan pronto como reciba la notificaci\u00f3n del titular del sitio Web.<\/li>\n<li>No se responsabiliza de modo alguno ni garantiza la claridad, exactitud, fiabilidad, correcci\u00f3n o moralidad de contenidos o servicios que el establecimiento del hiperenlace pueda ofrecer. El usuario asume bajo su exclusiva responsabilidad las consecuencias, da\u00f1os o acciones que pudieran derivarse del acceso a la p\u00e1gina Web del hiperenlace.<\/li>\n<li>La p\u00e1gina Web en la que se establezca el hiperenlace no podr\u00e1 contener marca, denominaci\u00f3n, logotipo, eslogan u otros signos distintivos pertenecientes a el titular del sitio Web excepto aquellos signos que formen parte del mismo hiperenlace.<\/li>\n<\/ol>\n<p><strong>Protecci\u00f3n de Datos Personales<\/strong><\/p>\n<p>Los datos personales solicitados para la prestaci\u00f3n de nuestros servicios se incluyen en ficheros sometidos a lo dispuesto en la Ley Org\u00e1nica de Protecci\u00f3n de Datos 15\/1999 (LOPD) y en el Real Decreto 1720\/2007, de 21 de diciembre, por el que se aprueba el reglamento de desarrollo de la misma (RLOPD) y el Reglamento General de Protecci\u00f3n de Datos de la Uni\u00f3n Europea (UE 2016\/679 GDPR).<\/p>\n<p>La recogida y tratamiento de dichos datos se llevan a cabo por el titular del sitio Web, y tienen por finalidad la gesti\u00f3n, prestaci\u00f3n, ampliaci\u00f3n y mejora de los servicios solicitados en cada momento por el usuario, el seguimiento de consultas, participaci\u00f3n en procesos de selecci\u00f3n de personal, comunicaciones electr\u00f3nicas y\/o la confecci\u00f3n de estad\u00edsticas .<\/p>\n<p>Los servicios prestados por el titular del sitio Web est\u00e1n dirigidos a mayores de 14 a\u00f1os. En el supuesto excepcional de que se desarrollara alg\u00fan servicio dirigido espec\u00edIficamente a menores de dicha edad, el titular del sitio Web solicitar\u00e1 la conformidad de los padres o tutores para la recogida de los datos personales o, en su caso, para el tratamiento de los mismos.<\/p>\n<p>El titular del sitio Web se compromete al cumplimiento de su obligaci\u00f3n de secreto con respecto a los datos de car\u00e1cter personal suministrados y al deber de tratarlos con confidencialidad y reserva, conforme a la legislaci\u00f3n vigente. A estos efectos adoptar\u00e1 las medidas necesarias para evitar su alteraci\u00f3n, p\u00e9rdida, tratamiento o acceso no autorizado.<\/p>\n<p><strong>Derechos de los Interesados<\/strong><\/p>\n<p>La normativa vigente de protecci\u00f3n de datos le ampara en una serie de derechos en relaci\u00f3n al uso que le damos a sus datos. Todos y cada uno de sus derechos son unipersonales e intransferibles, es decir, que \u00fanicamente pueden ser realizados por el titular de los datos, previa comprobaci\u00f3n de su identidad.<\/p>\n<p>A continuaci\u00f3n te indicamos cuales son los derechos que le asisten:<\/p>\n<ul>\n<li>Solicitar el ACCESO a sus datos personales<\/li>\n<li>Solicitar la RECTIFICACION de sus datos<\/li>\n<li>Solicitar la SUPRESI\u00d3N o eliminaci\u00f3n de sus datos (derecho al &#8220;olvido&#8221;)<\/li>\n<li>LIMITAR u OPONERTE al uso que le damos a sus datos<\/li>\n<li>Derecho a la PORTABILIDAD de sus datos para casos de servicios de telecomunicaciones o internet.<\/li>\n<li>Derecho a RETIRAR su consentimiento en cualquier momento<\/li>\n<li>Derecho a presentar una RECLAMACI\u00d3N en materia de protecci\u00f3n de datos ante la Autoridad de Control: Agencia Espa\u00f1ola de Protecci\u00f3n de Datos<\/li>\n<\/ul>\n<p><strong>\u00bfC\u00f3mo puede ejercer sus derechos en relaci\u00f3n a sus datos?<\/strong><\/p>\n<p>Para el ejercicio de sus derechos de acceso, rectificaci\u00f3n, supresi\u00f3n, limitaci\u00f3n u oposici\u00f3n, portabilidad y retirada de su consentimiento, puede hacerlo de la siguiente forma:<\/p>\n<p><strong>\u00bfC\u00f3mo puede presentar una reclamaci\u00f3n?<\/strong><\/p>\n<p>Adem\u00e1s de los derechos que le asisten, si cree que sus datos no se est\u00e1n recabando o tratando conforme a la normativa vigente de Protecci\u00f3n de Datos, usted podr\u00e1 realizar una reclamaci\u00f3n ante la Autoridad de Control, cuyos datos de contacto indicamos a continuaci\u00f3n:<\/p>\n<p>Agencia Espa\u00f1ola de Protecci\u00f3n de Datos<\/p>\n<p>C\/. Jorge Juan, 6. 28001, Madrid (Madrid), Espa\u00f1a<br \/>\nEmail: info@agpd.es &#8211; Tel\u00e9fono: 912663517<br \/>\nWeb: https:\/\/www.agpd.es<\/p>\n<p><strong>Ley Aplicable y Jurisdicci\u00f3n<\/strong><\/p>\n<p>La ley aplicable en caso de disputa o conflicto de interpretaci\u00f3n de los t\u00e9rminos que conforman este Aviso Legal, as\u00ed como cualquier cuesti\u00f3n relacionada con los servicios del presente Portal, ser\u00e1 la ley espa\u00f1ola.<\/p>\n<p>Para la resoluci\u00f3n de cualquier conflicto que pueda surgir con ocasi\u00f3n de la visita al sitio Web o del uso de los servicios que en \u00e9l se puedan ofertar, el titular del sitio Web y el Usuario acuerdan someterse a los Jueces y Tribunales de domicilio del Usuario, siempre que el mismo est\u00e9 situado en territorio espa\u00f1ol y<br \/>\nact\u00fae en condici\u00f3n de consumidor. En caso contrario, la sumisi\u00f3n ser\u00e1 a los juzgados y tribunales de la ciudad de Barcelona, Espa\u00f1a.<\/p>\n<\/div><\/section><\/p>\n","protected":false},"excerpt":{"rendered":"","protected":false},"author":4,"featured_media":0,"parent":0,"menu_order":0,"comment_status":"closed","ping_status":"closed","template":"","meta":{"footnotes":""},"class_list":["post-619","page","type-page","status-publish","hentry"],"yoast_head":"<!-- This site is optimized with the Yoast SEO plugin v26.8 - https:\/\/yoast.com\/product\/yoast-seo-wordpress\/ -->\n<title>Aviso Legal - EurocoatGroup<\/title>\n<meta name=\"robots\" content=\"index, follow, max-snippet:-1, max-image-preview:large, max-video-preview:-1\" \/>\n<link rel=\"canonical\" href=\"https:\/\/eurocoatgroup.com\/en\/aviso-legal\/\" \/>\n<meta property=\"og:locale\" content=\"en_US\" \/>\n<meta property=\"og:type\" content=\"article\" \/>\n<meta property=\"og:title\" content=\"Aviso Legal - EurocoatGroup\" \/>\n<meta property=\"og:url\" content=\"https:\/\/eurocoatgroup.com\/en\/aviso-legal\/\" \/>\n<meta property=\"og:site_name\" content=\"EurocoatGroup\" \/>\n<meta property=\"article:modified_time\" content=\"2019-02-04T12:04:23+00:00\" \/>\n<meta property=\"og:image\" content=\"https:\/\/eurocoatgroup.com\/wp-content\/uploads\/2018\/11\/AvisoLegal-EurocoatGroup.png\" \/>\n\t<meta property=\"og:image:width\" content=\"706\" \/>\n\t<meta property=\"og:image:height\" content=\"217\" \/>\n\t<meta property=\"og:image:type\" content=\"image\/png\" \/>\n<meta name=\"twitter:card\" content=\"summary_large_image\" \/>\n<meta name=\"twitter:label1\" content=\"Est. reading time\" \/>\n\t<meta name=\"twitter:data1\" content=\"11 minutes\" \/>\n<script type=\"application\/ld+json\" class=\"yoast-schema-graph\">{\"@context\":\"https:\/\/schema.org\",\"@graph\":[{\"@type\":\"WebPage\",\"@id\":\"https:\/\/eurocoatgroup.com\/en\/aviso-legal\/\",\"url\":\"https:\/\/eurocoatgroup.com\/en\/aviso-legal\/\",\"name\":\"Aviso Legal - EurocoatGroup\",\"isPartOf\":{\"@id\":\"https:\/\/eurocoatgroup.com\/#website\"},\"primaryImageOfPage\":{\"@id\":\"https:\/\/eurocoatgroup.com\/en\/aviso-legal\/#primaryimage\"},\"image\":{\"@id\":\"https:\/\/eurocoatgroup.com\/en\/aviso-legal\/#primaryimage\"},\"thumbnailUrl\":\"http:\/\/testing.eurocoat2000.com\/wp-content\/uploads\/2018\/11\/AvisoLegal-EurocoatGroup.png\",\"datePublished\":\"2019-02-04T12:04:22+00:00\",\"dateModified\":\"2019-02-04T12:04:23+00:00\",\"breadcrumb\":{\"@id\":\"https:\/\/eurocoatgroup.com\/en\/aviso-legal\/#breadcrumb\"},\"inLanguage\":\"en-US\",\"potentialAction\":[{\"@type\":\"ReadAction\",\"target\":[\"https:\/\/eurocoatgroup.com\/en\/aviso-legal\/\"]}]},{\"@type\":\"ImageObject\",\"inLanguage\":\"en-US\",\"@id\":\"https:\/\/eurocoatgroup.com\/en\/aviso-legal\/#primaryimage\",\"url\":\"http:\/\/testing.eurocoat2000.com\/wp-content\/uploads\/2018\/11\/AvisoLegal-EurocoatGroup.png\",\"contentUrl\":\"http:\/\/testing.eurocoat2000.com\/wp-content\/uploads\/2018\/11\/AvisoLegal-EurocoatGroup.png\"},{\"@type\":\"BreadcrumbList\",\"@id\":\"https:\/\/eurocoatgroup.com\/en\/aviso-legal\/#breadcrumb\",\"itemListElement\":[{\"@type\":\"ListItem\",\"position\":1,\"name\":\"Portada\",\"item\":\"https:\/\/eurocoatgroup.com\/en\/\"},{\"@type\":\"ListItem\",\"position\":2,\"name\":\"Aviso Legal\"}]},{\"@type\":\"WebSite\",\"@id\":\"https:\/\/eurocoatgroup.com\/#website\",\"url\":\"https:\/\/eurocoatgroup.com\/\",\"name\":\"EurocoatGroup\",\"description\":\"Eurocoat Group\",\"potentialAction\":[{\"@type\":\"SearchAction\",\"target\":{\"@type\":\"EntryPoint\",\"urlTemplate\":\"https:\/\/eurocoatgroup.com\/?s={search_term_string}\"},\"query-input\":{\"@type\":\"PropertyValueSpecification\",\"valueRequired\":true,\"valueName\":\"search_term_string\"}}],\"inLanguage\":\"en-US\"}]}<\/script>\n<!-- \/ Yoast SEO plugin. -->","yoast_head_json":{"title":"Aviso Legal - EurocoatGroup","robots":{"index":"index","follow":"follow","max-snippet":"max-snippet:-1","max-image-preview":"max-image-preview:large","max-video-preview":"max-video-preview:-1"},"canonical":"https:\/\/eurocoatgroup.com\/en\/aviso-legal\/","og_locale":"en_US","og_type":"article","og_title":"Aviso Legal - EurocoatGroup","og_url":"https:\/\/eurocoatgroup.com\/en\/aviso-legal\/","og_site_name":"EurocoatGroup","article_modified_time":"2019-02-04T12:04:23+00:00","og_image":[{"width":706,"height":217,"url":"https:\/\/eurocoatgroup.com\/wp-content\/uploads\/2018\/11\/AvisoLegal-EurocoatGroup.png","type":"image\/png"}],"twitter_card":"summary_large_image","twitter_misc":{"Est. reading time":"11 minutes"},"schema":{"@context":"https:\/\/schema.org","@graph":[{"@type":"WebPage","@id":"https:\/\/eurocoatgroup.com\/en\/aviso-legal\/","url":"https:\/\/eurocoatgroup.com\/en\/aviso-legal\/","name":"Aviso Legal - EurocoatGroup","isPartOf":{"@id":"https:\/\/eurocoatgroup.com\/#website"},"primaryImageOfPage":{"@id":"https:\/\/eurocoatgroup.com\/en\/aviso-legal\/#primaryimage"},"image":{"@id":"https:\/\/eurocoatgroup.com\/en\/aviso-legal\/#primaryimage"},"thumbnailUrl":"http:\/\/testing.eurocoat2000.com\/wp-content\/uploads\/2018\/11\/AvisoLegal-EurocoatGroup.png","datePublished":"2019-02-04T12:04:22+00:00","dateModified":"2019-02-04T12:04:23+00:00","breadcrumb":{"@id":"https:\/\/eurocoatgroup.com\/en\/aviso-legal\/#breadcrumb"},"inLanguage":"en-US","potentialAction":[{"@type":"ReadAction","target":["https:\/\/eurocoatgroup.com\/en\/aviso-legal\/"]}]},{"@type":"ImageObject","inLanguage":"en-US","@id":"https:\/\/eurocoatgroup.com\/en\/aviso-legal\/#primaryimage","url":"http:\/\/testing.eurocoat2000.com\/wp-content\/uploads\/2018\/11\/AvisoLegal-EurocoatGroup.png","contentUrl":"http:\/\/testing.eurocoat2000.com\/wp-content\/uploads\/2018\/11\/AvisoLegal-EurocoatGroup.png"},{"@type":"BreadcrumbList","@id":"https:\/\/eurocoatgroup.com\/en\/aviso-legal\/#breadcrumb","itemListElement":[{"@type":"ListItem","position":1,"name":"Portada","item":"https:\/\/eurocoatgroup.com\/en\/"},{"@type":"ListItem","position":2,"name":"Aviso Legal"}]},{"@type":"WebSite","@id":"https:\/\/eurocoatgroup.com\/#website","url":"https:\/\/eurocoatgroup.com\/","name":"EurocoatGroup","description":"Eurocoat Group","potentialAction":[{"@type":"SearchAction","target":{"@type":"EntryPoint","urlTemplate":"https:\/\/eurocoatgroup.com\/?s={search_term_string}"},"query-input":{"@type":"PropertyValueSpecification","valueRequired":true,"valueName":"search_term_string"}}],"inLanguage":"en-US"}]}},"_links":{"self":[{"href":"https:\/\/eurocoatgroup.com\/en\/wp-json\/wp\/v2\/pages\/619","targetHints":{"allow":["GET"]}}],"collection":[{"href":"https:\/\/eurocoatgroup.com\/en\/wp-json\/wp\/v2\/pages"}],"about":[{"href":"https:\/\/eurocoatgroup.com\/en\/wp-json\/wp\/v2\/types\/page"}],"author":[{"embeddable":true,"href":"https:\/\/eurocoatgroup.com\/en\/wp-json\/wp\/v2\/users\/4"}],"replies":[{"embeddable":true,"href":"https:\/\/eurocoatgroup.com\/en\/wp-json\/wp\/v2\/comments?post=619"}],"version-history":[{"count":2,"href":"https:\/\/eurocoatgroup.com\/en\/wp-json\/wp\/v2\/pages\/619\/revisions"}],"predecessor-version":[{"id":621,"href":"https:\/\/eurocoatgroup.com\/en\/wp-json\/wp\/v2\/pages\/619\/revisions\/621"}],"wp:attachment":[{"href":"https:\/\/eurocoatgroup.com\/en\/wp-json\/wp\/v2\/media?parent=619"}],"curies":[{"name":"wp","href":"https:\/\/api.w.org\/{rel}","templated":true}]}}